{"id":107,"date":"2015-10-18T09:38:54","date_gmt":"2015-10-18T09:38:54","guid":{"rendered":"http:\/\/www.elcomu.cat\/?page_id=107"},"modified":"2023-02-19T21:18:47","modified_gmt":"2023-02-19T21:18:47","slug":"llibre-digital-cat","status":"publish","type":"page","link":"http:\/\/elcomu.cat\/es\/llibre-digital-cat\/","title":{"rendered":"LLibre digital Edici\u00f3 2015 (catal\u00e0)"},"content":{"rendered":"<section id=\"builder-section-1445161051697\" class=\"builder-section-first builder-section builder-section-banner builder-section-next-text\" style=\"background-size: cover; background-repeat: no-repeat;background-position: center center;\">\n<h3 class=\"builder-banner-section-title\">\n\t\tLibro digital Edici\u00f3n 2015 (catal\u00e1n)\t<\/h3>\n<div class=\"builder-section-content\">\n<div class=\"builder-banner-slide content-position-none\" style=\"background-image: url(&#039;http:\/\/elcomu.cat\/wp-content\/uploads\/2015\/09\/llibre-el-comu2.jpg&#039;);\">\n<div class=\"builder-banner-content\">\n<div class=\"builder-banner-inner-content\">\n\t\t\t\t\t\t\t\t\t<\/div>\n<\/p><\/div>\n<\/p><\/div>\n<\/p><\/div>\n<div class=\"builder-section-overlay\"><\/div>\n<\/section>\n<section id=\"builder-section-1445161079975\" class=\"builder-section-prev-banner builder-section builder-section-text builder-section-last builder-text-columns-1\" style=\"background-repeat: repeat;background-position: center center;\">\n<div class=\"builder-section-content\">\n<div class=\"builder-text-row\">\n<div class=\"builder-text-column builder-text-column-1\" id=\"builder-section-1445161079975-column-1\">\n<div class=\"builder-text-content\">\n<p style=\"text-align: justify; font-size: 16px;\">Deja tus datos y recibir\u00e1s un e-mail con el libro digital:<\/p>\n<p><div id=\"usermessage2a\" class=\"cf_info\"><\/div><form enctype=\"multipart\/form-data\" action=\"\/es\/wp-json\/wp\/v2\/pages\/107#usermessage2a\" method=\"post\" class=\"cform cformsdirect digital\" id=\"cforms2form\" data-trp-original-action=\"\/es\/wp-json\/wp\/v2\/pages\/107#usermessage2a\"><fieldset class=\"cf-fs1\" style=\"\"><legend>Sol\u00b7licitud del llibre digital<\/legend><ol class=\"cf-ol\"><li id=\"li-2-2\" class=\"\"><label id=\"label-2-2\" for=\"cf2_field_2\"><span>Nombre<\/span><\/label><input type=\"text\" name=\"cf2_field_2\" id=\"cf2_field_2\" class=\"single fldrequired\" value=\"\" onfocus=\"clearField(this)\" onblur=\"setField(this)\" title=\"\"\/><span class=\"reqtxt\">(obligatorio)<\/span><\/li><li id=\"li-2-3\" class=\"\"><label id=\"label-2-3\" for=\"cf2_field_3\"><span>Apellidos<\/span><\/label><input type=\"text\" name=\"cf2_field_3\" id=\"cf2_field_3\" class=\"single fldrequired\" value=\"\" onfocus=\"clearField(this)\" onblur=\"setField(this)\" title=\"\"\/><span class=\"reqtxt\">(obligatorio)<\/span><\/li><li id=\"li-2-4\" class=\"\"><label id=\"label-2-4\" for=\"cf2_field_4\"><span>Poblaci\u00f3n<\/span><\/label><input type=\"text\" name=\"cf2_field_4\" id=\"cf2_field_4\" class=\"single fldrequired\" value=\"\" onfocus=\"clearField(this)\" onblur=\"setField(this)\" title=\"\"\/><span class=\"reqtxt\">(obligatorio)<\/span><\/li><li id=\"li-2-5\" class=\"\"><label id=\"label-2-5\" for=\"cf2_field_5\"><span>Email<\/span><\/label><input type=\"text\" name=\"cf2_field_5\" id=\"cf2_field_5\" class=\"single fldemail fldrequired\" value=\"\" onfocus=\"clearField(this)\" onblur=\"setField(this)\" title=\"\"\/><span class=\"emailreqtxt\">(un e-mail v\u00e1lido es obligatorio)<\/span><\/li><li id=\"li-2-6\" class=\"\"><label id=\"label-2-6\" for=\"cf2_field_6\" class=\"cf-before\"><span>Marca si quieres recibir informaci\u00f3n de los actos que se hagan relacionados con el libro<\/span><\/label><input type=\"checkbox\" name=\"cf2_field_6\" id=\"cf2_field_6\" class=\"cf-box-b\" title=\"\"\/><\/li><li id=\"li-2-7\" class=\"\"><label for=\"cf2_field_7\" class=\"secq\"><span>Deu menys cinc igual a<\/span><\/label><input type=\"text\" name=\"cforms2_question_and_answer\" id=\"cf2_field_7\" class=\"secinput fldrequired\" title=\"\"\/><input type=\"hidden\" name=\"cforms2_question_and_answer\/hint\" value=\"2\"\/><\/li><li id=\"li-2-8\" class=\"\"><label for=\"cf2_field_8\" class=\"secq\"><span>CAPTCHA<\/span><\/label><input type=\"text\" name=\"captcha\" id=\"cf2_field_8\" class=\"secinput fldrequired\" title=\"\"\/><img decoding=\"async\" class=\"cforms2_really_simple_captcha_img\" alt=\"CAPTCHA\" src=\"http:\/\/elcomu.cat\/wp-content\/plugins\/really-simple-captcha\/tmp\/242574925.png\" \/><span class=\"dashicons dashicons-update captcha-reset\"><\/span><input type=\"hidden\" name=\"captcha\/hint\" value=\"242574925\"\/><\/li><\/ol><\/fieldset><fieldset class=\"cf_hidden\"><legend>&nbsp;<\/legend><input type=\"hidden\" name=\"cf_working2\" id=\"cf_working2\" value=\"<span>Un moment si us plau...<\/span>\"\/><input type=\"hidden\" name=\"cf_failure2\" id=\"cf_failure2\" value=\"<span>Si us plau, entra totes les dades obligat\u00f2ries.<\/span>\"\/><input type=\"hidden\" name=\"cf_customerr2\" id=\"cf_customerr2\" value=\"y\"\/><\/fieldset><p class=\"cf-sb\"><input type=\"submit\" name=\"sendbutton2\" id=\"sendbutton2\" class=\"sendbutton\" value=\"Enviar\" \/><\/p><input type=\"hidden\" name=\"trp-form-language\" value=\"es\"\/><\/form><div id=\"usermessage2b\" class=\"cf_info\" ><\/div><br \/><a href=\"http:\/\/www.elcomu.cat\/wp-content\/uploads\/2015\/10\/lliurament.jpg\"><img loading=\"lazy\" decoding=\"async\" class=\"size-medium wp-image-14 alignright\" src=\"http:\/\/www.elcomu.cat\/wp-content\/uploads\/2015\/10\/lliurament.jpg\" alt=\"llibre\" width=\"300\" height=\"198\" \/><\/a><\/p>\n<p style=\"text-align: justify; font-size: 16px;\">Haciendo click en este\u00a0<a href=\"https:\/\/www.invisible.coop\/historia-general\/20928-el-comu-catala.html\" target=\"_blank\" rel=\"noopener\">enlace<\/a>\u00a0puedes hacer el pedido del libro en papel.<\/p>\n<p><strong>EL COM\u00da CATAL\u00c0<\/strong><br \/><span style=\"color: #333333;\">ALGARRA BASC\u00d3N, DAVID<\/span><\/p>\n<p><strong>ISBN:\u00a0<\/strong>978-84-608-3126-6<br \/><strong>editorial:<\/strong> POTLATCH ED<br \/><strong>fecha de edici\u00f3n<\/strong>\u00a024\/10\/2015<br \/><strong>formato:<\/strong> R\u00daSTICA<br \/><strong>p\u00e1ginas:<\/strong> 300<\/p>\n<p>12 \u20ac<\/p>\n<\/p><\/div>\n<\/p><\/div>\n<\/p><\/div>\n<\/p><\/div>\n<\/section>","protected":false},"excerpt":{"rendered":"<p>Llibre digital Edici\u00f3 2015 (catal\u00e0) Deixa les teves dades i rebr\u00e0s un e-mail amb el llibre digital: Fent clic en aquest\u00a0enlla\u00e7\u00a0podr\u00e0s fer la comanda del llibre en paper. EL COM\u00da CATAL\u00c0ALGARRA BASC\u00d3N, DAVID ISBN:\u00a0978-84-608-3126-6editorial: POTLATCH EDdata\u00a0d&#8217;edici\u00f3:\u00a024\/10\/2015format: R\u00daSTICAp\u00e0gines: 300 12 \u20ac<\/p>","protected":false},"author":1,"featured_media":0,"parent":0,"menu_order":0,"comment_status":"closed","ping_status":"closed","template":"template-builder.php","meta":{"footnotes":""},"_links":{"self":[{"href":"http:\/\/elcomu.cat\/es\/wp-json\/wp\/v2\/pages\/107"}],"collection":[{"href":"http:\/\/elcomu.cat\/es\/wp-json\/wp\/v2\/pages"}],"about":[{"href":"http:\/\/elcomu.cat\/es\/wp-json\/wp\/v2\/types\/page"}],"author":[{"embeddable":true,"href":"http:\/\/elcomu.cat\/es\/wp-json\/wp\/v2\/users\/1"}],"replies":[{"embeddable":true,"href":"http:\/\/elcomu.cat\/es\/wp-json\/wp\/v2\/comments?post=107"}],"version-history":[{"count":43,"href":"http:\/\/elcomu.cat\/es\/wp-json\/wp\/v2\/pages\/107\/revisions"}],"predecessor-version":[{"id":1397,"href":"http:\/\/elcomu.cat\/es\/wp-json\/wp\/v2\/pages\/107\/revisions\/1397"}],"wp:attachment":[{"href":"http:\/\/elcomu.cat\/es\/wp-json\/wp\/v2\/media?parent=107"}],"curies":[{"name":"wp","href":"https:\/\/api.w.org\/{rel}","templated":true}]}}