{"id":190,"date":"2015-11-10T19:28:30","date_gmt":"2015-11-10T19:28:30","guid":{"rendered":"http:\/\/www.elcomu.cat\/?page_id=190"},"modified":"2019-01-31T20:40:12","modified_gmt":"2019-01-31T20:40:12","slug":"llibreries","status":"publish","type":"page","link":"https:\/\/elcomu.cat\/es\/llibreries\/","title":{"rendered":"Librer\u00edas"},"content":{"rendered":"<section id=\"builder-section-banner_387\" class=\"builder-section-first builder-section builder-section-banner builder-section-next-text\" style=\"background-size: cover; background-repeat: no-repeat;background-position: center center;\">\n<h3 class=\"builder-banner-section-title\">\n\t\tLibrer\u00edas Edici\u00f3n actualizada 2018 (espa\u00f1ol)\t<\/h3>\n<div class=\"builder-section-content\">\n<div class=\"builder-banner-slide content-position-none\" style=\"background-image: url(&#039;http:\/\/www.elcomu.cat\/wp-content\/uploads\/2019\/01\/edit-el-comu-cast.jpg&#039;);\">\n<div class=\"builder-banner-content\">\n<div class=\"builder-banner-inner-content\">\n\t\t\t\t\t\t\t\t\t<\/div>\n<\/p><\/div>\n<\/p><\/div>\n<\/p><\/div>\n<div class=\"builder-section-overlay\"><\/div>\n<\/section>\n<section id=\"builder-section-text_3282\" class=\"builder-section-prev-banner builder-section builder-section-text builder-section-next-banner builder-text-columns-1\" style=\"background-size: cover; background-repeat: no-repeat;background-position: center center;\">\n<div class=\"builder-section-content\">\n<div class=\"builder-text-row\">\n<div class=\"builder-text-column builder-text-column-1\" id=\"builder-section-text_3282-column-1\">\n<div class=\"builder-text-content\">\n<p>La edici\u00f3n actualizada 2018 (espa\u00f1ol) se puede pedir en cualquier librer\u00eda. Si no tienen el libro, lo buscar\u00e1n en la distribuidora que lo distribuya. Adem\u00e1s se puede hacer un pedido <a href=\"http:\/\/cauac.org\/libros\/el-comun-catalan\/\" target=\"_blank\" rel=\"noopener\">en la web de la editorial\u00a0<span class=\"hiddenSpellError\">Cauac<\/span><\/a>. En los pr\u00f3ximos d\u00edas a\u00f1adiremos algunas librer\u00edas que lo tienen.<\/p>\n<\/p><\/div>\n<\/p><\/div>\n<\/p><\/div>\n<\/p><\/div>\n<\/section>\n<section id=\"builder-section-1447183492528\" class=\"builder-section-prev-text builder-section builder-section-banner builder-section-next-text\" style=\"background-repeat: repeat;background-position: center center;\">\n<h3 class=\"builder-banner-section-title\">\n\t\tLlibreries Edici\u00f3 2015 (catal\u00e0)\t<\/h3>\n<div class=\"builder-section-content\">\n<div class=\"builder-banner-slide content-position-none\" style=\"background-image: url(&#039;http:\/\/www.elcomu.cat\/wp-content\/uploads\/2015\/09\/llibre-el-comu2.jpg&#039;);\">\n<div class=\"builder-banner-content\">\n<div class=\"builder-banner-inner-content\">\n\t\t\t\t\t\t\t\t\t<\/div>\n<\/p><\/div>\n<\/p><\/div>\n<\/p><\/div>\n<div class=\"builder-section-overlay\"><\/div>\n<\/section>\n<section id=\"builder-section-1447183520756\" class=\"builder-section-prev-banner builder-section builder-section-text builder-section-last builder-text-columns-2\" style=\"background-repeat: repeat;background-position: center center;\">\n<div class=\"builder-section-content\">\n<div class=\"builder-text-row\">\n<div class=\"builder-text-column builder-text-column-1\" id=\"builder-section-1447183520756-column-1\">\n<div class=\"builder-text-content\">\n<ul>\n<li><a href=\"http:\/\/rocaguinarda.org\/on-som\/\" target=\"_blank\">Cooperativa Cultural Rocaguinarda<\/a>\u00a0(Barcelona)<\/li>\n<li><a href=\"http:\/\/www.llegim.com\/on\/on.html\" target=\"_blank\">LLegim&#8230;?<\/a> (Igualada)<\/li>\n<li><a href=\"http:\/\/www.espaicontrabandos.com\/botiga\/el-comu-catala\/\" target=\"_blank\">Espai Contrabandos<\/a> (Barcelona)<\/li>\n<li><a href=\"http:\/\/botiga.laciutatinvisible.coop\/products\/19995-el-comu-catala.html\" target=\"_blank\">La ciutat invisible<\/a> (barri de Sants, Barcelona)<\/li>\n<li><a href=\"https:\/\/www.facebook.com\/An%C3%B2nims-Cerveses-Menjars-i-Pensars-1411045472523520\/\" target=\"_blank\">Llibreria An\u00f2nims<\/a> (Granollers)<\/li>\n<li><a href=\"http:\/\/espai31.blogspot.com.es\/p\/contacte-espai31.html\" target=\"_blank\">Espai 31<\/a> (Cardedeu)<\/li>\n<li><a href=\"http:\/\/www.llibretersdegracia.com\/\" target=\"_blank\">Llibreria Cap i Cua<\/a> (barri de Gr\u00e0cia, Barcelona)<\/li>\n<li><a href=\"https:\/\/www.facebook.com\/libreriarosadefoc\/info\/?tab=overview\" target=\"_blank\">La Rosa de Foc<\/a> (barri del Raval, Barcelona)<\/li>\n<li><a href=\"http:\/\/www.ellokal.org\/qui-som\/#4\" target=\"_blank\">El <span class=\"hiddenSpellError\">Lokal<\/span><\/a> (barri del Raval, Barcelona)<\/li>\n<li><a href=\"https:\/\/logofobia.wordpress.com\/2011\/02\/08\/que-es-logofobia\/\" target=\"_blank\"><span class=\"hiddenSpellError\">Logofobia<\/span>\u00a0distribuci\u00f3<\/a>\u00a0(Girona)<\/li>\n<li><a href=\"https:\/\/acciollibertariasants.wordpress.com\/\" target=\"_blank\">Acci\u00f3 llibert\u00e0ria de Sants<\/a> (Barcelona)<\/li>\n<li><span class=\"hiddenSpellError\">Distribuidora<\/span> Pened\u00e8s (Vilafranca del Pened\u00e8s<span style=\"color: #000000; font-family: Verdana, Arial, Helvetica, sans-serif;\"><span style=\"font-size: 12px; line-height: normal; background-color: #f7f7f7;\">)<\/span><\/span><\/li>\n<li><a href=\"http:\/\/www.llibreriacatalana.com\/\" target=\"_blank\">La Llibreria<\/a> (Perpiny\u00e0)<\/li>\n<li><a href=\"http:\/\/www.laguiadigital.cat\/ca\/emp\/all\/El-Drac-Blau\/81\/0\/d\" target=\"_blank\">Llibreria El Drac Blau<\/a> (Torredembarra, Tarragona)<\/li>\n<li><a href=\"http:\/\/www.libreriaagora.es\/\" target=\"_blank\">LLibreria \u00c0gora<\/a>\u00a0(Torredembarra, Tarragona)<\/li>\n<li><a href=\"http:\/\/www.amazon.es\/dp\/8460831264\" target=\"_blank\">Amazon<\/a> (Botiga Online)<\/li>\n<li><a href=\"http:\/\/www.laie.es\/libro\/el-comu-catala\/1112699\/978-84-608-3126-6\" target=\"_blank\">Laietana de Llibreteria S.L. (Laie<\/a>) (Barcelona)<\/li>\n<li><a href=\"http:\/\/www.laie.es\/cccb\" target=\"_blank\">Laie CCCB<\/a> (Barcelona)<\/li>\n<li><a href=\"http:\/\/www.libreriagaudi.com\/\" target=\"_blank\">Llibreria Gaud\u00ed<\/a> (Reus)<\/li>\n<li><a href=\"http:\/\/www.llibreriageli.com\/on-som\" target=\"_blank\">Llibreria Geli <\/a>(Girona)<\/li>\n<li><a href=\"http:\/\/www.citiservi.es\/girona\/els-trobadors-l-escala__2364796_911.html\" target=\"_blank\">Llibreria &#8220;Els Trobadors&#8221; <\/a>(l&#8217;Escala, Girona)<\/li>\n<li><a href=\"http:\/\/www.elsetciencies.cat\/\" target=\"_blank\">Llibreria Set-Ci\u00e8ncies<\/a> (Arenys de Mar)<\/li>\n<li><a href=\"http:\/\/palma.cnt.es\/\" target=\"_blank\">Distribuci\u00f3 CNT<\/a> (Palma de Mallorca)<\/li>\n<li><a href=\"http:\/\/www.caselles.com\/?lang=ca\" target=\"_blank\">Llibreria Caselles<\/a> (Lleida)<\/li>\n<li><a href=\"http:\/\/assllibertariauab.blogspot.com.es\/\" target=\"_blank\">Distri Assemblea Llibertaria de la UAB<\/a> (Bellaterra)<\/li>\n<li><a href=\"https:\/\/www.facebook.com\/allibertariacv\/\" target=\"_blank\">Distri Assemblea Llibertaria de Castellar del Vall\u00e8s<\/a><\/li>\n<li><a href=\"https:\/\/assembleallibertariaubraval.noblogs.org\/\" target=\"_blank\">Distri Assemblea Llibertaria de la UB Raval<\/a> (Barcelona)<\/li>\n<li><a href=\"http:\/\/www.cuc-vilafranca.org\" target=\"_blank\">CUC Pened\u00e9s<\/a> (Vilafranca del Pened\u00e9s)<\/li>\n<li><a href=\"https:\/\/radar.squat.net\/ca\/rub%C3%AD\/ateneu-anarquista-la-hidra\" target=\"_blank\">Ateneu Anarquista la Hidra<\/a> (Rub\u00ed)<\/li>\n<li><a href=\"http:\/\/synusia.cc\/\" target=\"_blank\">Llibreria Synusia<\/a> (Terrassa)<\/li>\n<li>Distri <a href=\"https:\/\/www.facebook.com\/Assemblea-Llibert%C3%A0ria-Lleida-358272524365084\/\" target=\"_blank\">Assemblea Llibertaria de Lleida<\/a><\/li>\n<li><a href=\"http:\/\/www.lodissea.com\/\" target=\"_blank\">Llibreria l&#8217;Odissea<\/a> (Vilafranca del Pened\u00e9s)<\/li>\n<li><a href=\"https:\/\/ca-es.facebook.com\/CSOVilanova\" target=\"_blank\">Casal de Vilanova i la Geltr\u00fa<\/a><\/li>\n<li><a href=\"https:\/\/moviments.net\/Infoespai\" target=\"_blank\">Infoespai de Gr\u00e0cia<\/a> (Barcelona)<\/li>\n<li><a href=\"http:\/\/aldarull.org\/llibreria\" target=\"_blank\">Llibreria Aldarull<\/a> (Gracia, Barcelona)<\/li>\n<li><a href=\"http:\/\/lacanibal.net\/\" target=\"_blank\">Llibreria La Canibal<\/a> (Eixample, Barcelona)<\/li>\n<li><a href=\"http:\/\/www.alibri.es\/el-comu-catala-la-historia-dels-que-no-surten-a-la-historia-666656?dc=&amp;tl=El%20com%C3%BA%20catal%C3%A0&amp;au=&amp;pb=&amp;ib=&amp;ct=0&amp;lng=0\" target=\"_blank\">Llibreria Alibri<\/a> (Barcelona)<\/li>\n<li><a href=\"http:\/\/dolcarevolucio.cat\/botiga\/es\/libros\/3037-el-comu-catala-libro.html\" target=\"_blank\">Dol\u00e7a Revoluci\u00f3<\/a> (Balaguer)<\/li>\n<li>Iteracci\u00f3n<\/li>\n<li>Ateneu de Viladecans<\/li>\n<li>Ruta dels maquis Jony\/Amparo<\/li>\n<li><a href=\"http:\/\/www.libreriapynchon.es\/libro\/el-comu-catala_18987\" target=\"_blank\">Pynchon &amp; Co<\/a> (Alacant)<\/li>\n<li><a href=\"http:\/\/manresa.cnt.es\/\" target=\"_blank\">CNT Manresa<\/a><\/li>\n<li><a href=\"https:\/\/www.facebook.com\/lahoguerasantako\" target=\"_blank\">Biblioteca la Hoguera<\/a> (Sta. Coloma de Gramenet)<\/li>\n<li>La Distri Manresa<\/li>\n<li><a href=\"https:\/\/larepartidora.org\/\" target=\"_blank\">La repartidora<\/a>. Benimaclet (Val\u00e8ncia)<\/li>\n<li>Didac (Maresme)<\/li>\n<li>Edicions Esborrany S.L \u00a0(Barcelona)<\/li>\n<li><a href=\"https:\/\/www.elsquatregats.net\/products\/208447-el-comu-catala.html\" target=\"_blank\">Els quatre gats<\/a> (Sant Celoni)<\/li>\n<li><a href=\"http:\/\/www.llardelllibre.cat\/es\/libro\/comu-catala-el_842658\" target=\"_blank\">La llar del llibre<\/a> (Sabadell)<\/li>\n<li><a href=\"http:\/\/www.librosprometeo.com\/libro\/ver\/id\/1687284\/titulo\/EL-COMU-CATAL.html\" target=\"_blank\">Prometeo Libros<\/a> (Malaga)<\/li>\n<li><a href=\"http:\/\/www.agapea.com\/David-Algarra-Bascon\/El-Comu-Catala-9788460831266-i.htm\" target=\"_blank\">Agapea.com<\/a><\/li>\n<li><a href=\"https:\/\/www.casadellibro.com\/libro-el-comu-catala\/9788460831266\/5875822\" target=\"_blank\">Casa del Libro<\/a><\/li>\n<\/ul><\/div>\n<\/p><\/div>\n<div class=\"builder-text-column builder-text-column-2\" id=\"builder-section-1447183520756-column-2\">\n<div class=\"builder-text-content\">\n<p>Les llibreries que estigueu interessades a tenir uns exemplars us heu de posar en contacte\u00a0amb l&#8217;<a href=\"http:\/\/descontrol.cat\/\" target=\"_blank\">editorial Descontrol<\/a>\u00a0que fan la distribuci\u00f3.<\/p>\n<p>Contacte:<\/p>\n<p>descontrol@riseup.net<br \/> distribucio@descontrol.cat<br \/> Twitter: @descontroled<\/p>\n<p>Tamb\u00e9 els podeu\u00a0trobar a:<\/p>\n<p>de dilluns a divendres de 10h a 18h <br \/>c\/Constituci\u00f3 19, recinte Can Batll\u00f3, Bloc 11, Nau 83-90, 08014, La Bordeta-Sants, Barcelona<br \/>Tel\u00e8fon: 93 422 37 87<\/p>\n<\/p><\/div>\n<\/p><\/div>\n<\/p><\/div>\n<\/p><\/div>\n<\/section>","protected":false},"excerpt":{"rendered":"<p>Llibreries Edici\u00f3 actualitzada 2018 (castell\u00e0) L&#8217;edici\u00f3 actualitzada 2018 (castell\u00e0) es pot demanar en qualsevol llibreria. Si no tenen el llibre, el buscaran a la distribu\u00efdora que el distribueixi. A m\u00e9s es pot fer una comanda al web de l&#8217;editorial\u00a0Cauac. En els pr\u00f2xims dies afegirem algunes llibreries que el tenen. Llibreries Edici\u00f3 2015 (catal\u00e0) Cooperativa Cultural &hellip;<\/p>","protected":false},"author":1,"featured_media":0,"parent":0,"menu_order":0,"comment_status":"closed","ping_status":"closed","template":"template-builder.php","meta":{"footnotes":""},"_links":{"self":[{"href":"https:\/\/elcomu.cat\/es\/wp-json\/wp\/v2\/pages\/190"}],"collection":[{"href":"https:\/\/elcomu.cat\/es\/wp-json\/wp\/v2\/pages"}],"about":[{"href":"https:\/\/elcomu.cat\/es\/wp-json\/wp\/v2\/types\/page"}],"author":[{"embeddable":true,"href":"https:\/\/elcomu.cat\/es\/wp-json\/wp\/v2\/users\/1"}],"replies":[{"embeddable":true,"href":"https:\/\/elcomu.cat\/es\/wp-json\/wp\/v2\/comments?post=190"}],"version-history":[{"count":39,"href":"https:\/\/elcomu.cat\/es\/wp-json\/wp\/v2\/pages\/190\/revisions"}],"predecessor-version":[{"id":1126,"href":"https:\/\/elcomu.cat\/es\/wp-json\/wp\/v2\/pages\/190\/revisions\/1126"}],"wp:attachment":[{"href":"https:\/\/elcomu.cat\/es\/wp-json\/wp\/v2\/media?parent=190"}],"curies":[{"name":"wp","href":"https:\/\/api.w.org\/{rel}","templated":true}]}}